{"id":53,"date":"2019-01-15T11:06:30","date_gmt":"2019-01-15T10:06:30","guid":{"rendered":"https:\/\/rechtsprechung-im-ostseeraum.archiv.uni-greifswald.de\/?page_id=53"},"modified":"2022-05-25T07:56:59","modified_gmt":"2022-05-25T05:56:59","slug":"quellen","status":"publish","type":"page","link":"https:\/\/rechtsprechung-im-ostseeraum.archiv.uni-greifswald.de\/de\/quellen\/","title":{"rendered":"Quellen"},"content":{"rendered":"\r\n<p>Unser Projekt stellt Digitalisate und Volltexte von Rechtsquellen verschiedener Provenienz aus dem s\u00fcdlichen Ostseeraum zur Verf\u00fcgung. Wie man in diesen Sammlungen st\u00f6bern und suchen kann, ist <a href=\"https:\/\/rechtsprechung-im-ostseeraum.archiv.uni-greifswald.de\/search-and-browse-documents-and-htr-results-in-the-digital-library-mv\/\" target=\"_blank\" rel=\"noopener noreferrer\">hier<\/a> beschrieben.<\/p>\r\n\r\n\r\n\r\n<p>Die Urteilsbegr\u00fcndungen der Assessoren am Wismarer Tribunal und die Spruchakten der Greifswalder Juristenfakult\u00e4t gelten als R\u00fcckgrat\u00fcberlieferung zur Geschichte der Strafrechtspflege, nicht nur in Pommern, sondern im s\u00fcdlichen Ostseeraum insgesamt. Die vor dem Wismarer Tribunal verhandelten Rechtsf\u00e4lle stammen aus den schwedischen Lehen im Heiligen R\u00f6mischen Reich deutscher Nation (Pommern, Herrschaft Wismar). Die in den Spruchakten der Greifswalder Juristenfakult\u00e4t beurteilten F\u00e4lle verteilen sich auf das l\u00fcbische Rechtsgebiet von Pommern \u00fcber Mecklenburg, Hamburg und L\u00fcbeck bis Schleswig-Holstein. Erg\u00e4nzend werden Urteilsbegr\u00fcndungen des Wismarer Ratsgerichts zwischen zug\u00e4nglich gemacht, die den Gebrauch des L\u00fcbischen Rechts und Belehrungen durch die Greifswalder Juristenfakult\u00e4t verdeutlichen und im konkreten Fall selbst die Grundlage f\u00fcr die Appellationen an das Wismarer Tribunal bilden. Mit dem Projekt werden also die Rechtsauffassungen dreier bedeutender Spruchk\u00f6rper im Ostseeraum inventarisiert und online verf\u00fcgbar gemacht.<\/p>\r\n\r\n\r\n\r\n<p>&nbsp;<\/p>\r\n\r\n\r\n\r\n<div class=\"wp-block-cover alignleft is-light\"><span aria-hidden=\"true\" class=\"wp-block-cover__background has-background-dim-20 has-background-dim\"><\/span><img loading=\"lazy\" decoding=\"async\" width=\"380\" height=\"520\" class=\"wp-block-cover__image-background wp-image-109\" alt=\"\" src=\"https:\/\/rechtsprechung-im-ostseeraum.archiv.uni-greifswald.de\/wp-content\/uploads\/2019\/01\/F\u00fcrstenhof-Wismar.jpg\" data-object-fit=\"cover\"\/><div class=\"wp-block-cover__inner-container is-layout-flow wp-block-cover-is-layout-flow\">\r\n<p class=\"has-text-align-center\" style=\"font-size:28px\"><a href=\"https:\/\/digitale-bibliothek-mv.de\/viewer\/ppnresolver?id=PPN_LAG_RelTri\" target=\"_blank\" rel=\"noreferrer noopener\">K\u00f6nigliches Tribunal Wismar<\/a><\/p>\r\n<\/div><\/div>\r\n\r\n\r\n\r\n<div class=\"wp-block-cover alignleft is-light\"><span aria-hidden=\"true\" class=\"wp-block-cover__background has-background-dim-20 has-background-dim\"><\/span><img loading=\"lazy\" decoding=\"async\" width=\"380\" height=\"520\" class=\"wp-block-cover__image-background wp-image-106\" alt=\"\" src=\"https:\/\/rechtsprechung-im-ostseeraum.archiv.uni-greifswald.de\/wp-content\/uploads\/2019\/01\/Universitaetsgebaeude_in_Greifswald_1.jpg\" data-object-fit=\"cover\"\/><div class=\"wp-block-cover__inner-container is-layout-flow wp-block-cover-is-layout-flow\">\r\n<p class=\"has-text-align-center\" style=\"font-size:28px\"><a href=\"http:\/\/www.digitale-bibliothek-mv.de\/viewer\/ppnresolver?id=PPNUAG_SprAkt\" target=\"_blank\" rel=\"noreferrer noopener\" aria-label=\"Spruchkollegium der Greifswalder Juristenfakult\u00e4t (\u00f6ffnet in neuem Tab)\">Spruchkollegium der Greifswalder Juristenfakult\u00e4t<\/a><\/p>\r\n<\/div><\/div>\r\n\r\n\r\n\r\n<div class=\"wp-block-cover alignleft is-light\"><span aria-hidden=\"true\" class=\"wp-block-cover__background has-background-dim-20 has-background-dim\"><\/span><img loading=\"lazy\" decoding=\"async\" width=\"380\" height=\"520\" class=\"wp-block-cover__image-background wp-image-108\" alt=\"\" src=\"https:\/\/rechtsprechung-im-ostseeraum.archiv.uni-greifswald.de\/wp-content\/uploads\/2019\/01\/Rathaus-Wismar.jpg\" data-object-fit=\"cover\"\/><div class=\"wp-block-cover__inner-container is-layout-flow wp-block-cover-is-layout-flow\">\r\n<p class=\"has-text-align-center\" style=\"font-size:28px\"><a href=\"https:\/\/www.digitale-bibliothek-mv.de\/viewer\/toc\/PPN_AHW_RelRat\/\" target=\"_blank\" rel=\"noreferrer noopener\">Obergericht Wismar<\/a><\/p>\r\n<\/div><\/div>\r\n","protected":false},"excerpt":{"rendered":"<p>Unser Projekt stellt Digitalisate und Volltexte von Rechtsquellen verschiedener Provenienz aus dem s\u00fcdlichen Ostseeraum zur Verf\u00fcgung. Wie man in diesen Sammlungen st\u00f6bern und suchen kann, ist hier beschrieben. Die Urteilsbegr\u00fcndungen der Assessoren am Wismarer Tribunal und die Spruchakten der Greifswalder Juristenfakult\u00e4t gelten als R\u00fcckgrat\u00fcberlieferung zur Geschichte der Strafrechtspflege, nicht nur in Pommern, sondern im s\u00fcdlichen [&hellip;]<\/p>\n","protected":false},"author":6,"featured_media":0,"parent":0,"menu_order":0,"comment_status":"closed","ping_status":"closed","template":"","meta":{"footnotes":""},"class_list":["post-53","page","type-page","status-publish","hentry"],"translation":{"provider":"WPGlobus","version":"3.0.2","language":"de","enabled_languages":["gb","de"],"languages":{"gb":{"title":true,"content":true,"excerpt":false},"de":{"title":true,"content":true,"excerpt":false}}},"_links":{"self":[{"href":"https:\/\/rechtsprechung-im-ostseeraum.archiv.uni-greifswald.de\/de\/wp-json\/wp\/v2\/pages\/53","targetHints":{"allow":["GET"]}}],"collection":[{"href":"https:\/\/rechtsprechung-im-ostseeraum.archiv.uni-greifswald.de\/de\/wp-json\/wp\/v2\/pages"}],"about":[{"href":"https:\/\/rechtsprechung-im-ostseeraum.archiv.uni-greifswald.de\/de\/wp-json\/wp\/v2\/types\/page"}],"author":[{"embeddable":true,"href":"https:\/\/rechtsprechung-im-ostseeraum.archiv.uni-greifswald.de\/de\/wp-json\/wp\/v2\/users\/6"}],"replies":[{"embeddable":true,"href":"https:\/\/rechtsprechung-im-ostseeraum.archiv.uni-greifswald.de\/de\/wp-json\/wp\/v2\/comments?post=53"}],"version-history":[{"count":56,"href":"https:\/\/rechtsprechung-im-ostseeraum.archiv.uni-greifswald.de\/de\/wp-json\/wp\/v2\/pages\/53\/revisions"}],"predecessor-version":[{"id":1782,"href":"https:\/\/rechtsprechung-im-ostseeraum.archiv.uni-greifswald.de\/de\/wp-json\/wp\/v2\/pages\/53\/revisions\/1782"}],"wp:attachment":[{"href":"https:\/\/rechtsprechung-im-ostseeraum.archiv.uni-greifswald.de\/de\/wp-json\/wp\/v2\/media?parent=53"}],"curies":[{"name":"wp","href":"https:\/\/api.w.org\/{rel}","templated":true}]}}