{"id":38,"date":"2019-01-14T14:33:57","date_gmt":"2019-01-14T13:33:57","guid":{"rendered":"https:\/\/rechtsprechung-im-ostseeraum.archiv.uni-greifswald.de\/?page_id=38"},"modified":"2021-10-18T18:59:55","modified_gmt":"2021-10-18T16:59:55","slug":"ueber-das-projekt","status":"publish","type":"page","link":"https:\/\/rechtsprechung-im-ostseeraum.archiv.uni-greifswald.de\/de\/","title":{"rendered":"\u00dcber das Projekt"},"content":{"rendered":"\n<p>Gerichtsquellen bilden vielfach die Grundlage f\u00fcr die Forschungsfelder der Strafrechtsgeschichte und historischen Kriminalit\u00e4tsforschung mit ihren Bez\u00fcgen zur Alltags-, Mentalit\u00e4ts- und Geschlechterforschung und entsprechenden Fragestellungen, die sich insbesondere an der Rechtspraxis orientieren.<\/p>\n\n\n\n<p>Ziel unseres Projektes \u2013 ist die vollst\u00e4ndige Digitalisierung der Spruchakten der Greifswalder Juristenfakult\u00e4t aus dem Zeitraum 1580-1893 (102.000 Seiten), der Urteilsbegr\u00fcndungen der Assessoren am Wismarer Tribunal aus dem Zeitraum 1746-1845 (130.000 Seiten) und des Wismarer Ratsgerichts zwischen 1701 und 1879 (25.000 Seiten).<\/p>\n\n\n\n<p>Im Projekt kooperieren das Universit\u00e4tsarchiv Greifswald, das Archiv der Hansestadt Wismar, das Landesarchiv Mecklenburg-Vorpommern, die Universit\u00e4tsbibliothek Greifswald und die <a rel=\"noreferrer noopener\" aria-label=\"READ-COOP (\u00f6ffnet in neuem Tab)\" href=\"https:\/\/read.transkribus.eu\/coop\/\" target=\"_blank\">READ-COOP<\/a>. Das Projekt wird von der <a rel=\"noreferrer noopener\" aria-label=\"Deutschen Forschungsgemeinschaft  (\u00f6ffnet in neuem Tab)\" href=\"https:\/\/gepris.dfg.de\/gepris\/projekt\/414823978\" target=\"_blank\">Deutschen Forschungsgemeinschaft <\/a>(DFG) gef\u00f6rdert.<\/p>\n\n\n\n<p class=\"has-text-align-left\">Die Eigenheit der Quellen als bestenfalls chronologisch oder nach Kl\u00e4gern und Beklagten geordnete Aufzeichnungen macht eine zus\u00e4tzliche Erschlie\u00dfung auf der inhaltlichen Ebene notwendig. Diese Erschlie\u00dfung erfolgt nicht nur durch die \u00fcblichen Struktur- und Metadaten. Durch den Einsatz von Handwritten Text Recognition (HTR) und Keyword Spotting (KWS) wird hier eine Volltextrecherche im Aktenmaterial selbst erm\u00f6glicht.<\/p>\n","protected":false},"excerpt":{"rendered":"<p>Gerichtsquellen bilden vielfach die Grundlage f\u00fcr die Forschungsfelder der Strafrechtsgeschichte und historischen Kriminalit\u00e4tsforschung mit ihren Bez\u00fcgen zur Alltags-, Mentalit\u00e4ts- und Geschlechterforschung und entsprechenden Fragestellungen, die sich insbesondere an der Rechtspraxis orientieren. Ziel unseres Projektes \u2013 ist die vollst\u00e4ndige Digitalisierung der Spruchakten der Greifswalder Juristenfakult\u00e4t aus dem Zeitraum 1580-1893 (102.000 Seiten), der Urteilsbegr\u00fcndungen der Assessoren am [&hellip;]<\/p>\n","protected":false},"author":6,"featured_media":0,"parent":0,"menu_order":0,"comment_status":"closed","ping_status":"closed","template":"","meta":{"footnotes":""},"class_list":["post-38","page","type-page","status-publish","hentry"],"translation":{"provider":"WPGlobus","version":"3.0.2","language":"de","enabled_languages":["gb","de"],"languages":{"gb":{"title":true,"content":true,"excerpt":false},"de":{"title":true,"content":true,"excerpt":false}}},"_links":{"self":[{"href":"https:\/\/rechtsprechung-im-ostseeraum.archiv.uni-greifswald.de\/de\/wp-json\/wp\/v2\/pages\/38","targetHints":{"allow":["GET"]}}],"collection":[{"href":"https:\/\/rechtsprechung-im-ostseeraum.archiv.uni-greifswald.de\/de\/wp-json\/wp\/v2\/pages"}],"about":[{"href":"https:\/\/rechtsprechung-im-ostseeraum.archiv.uni-greifswald.de\/de\/wp-json\/wp\/v2\/types\/page"}],"author":[{"embeddable":true,"href":"https:\/\/rechtsprechung-im-ostseeraum.archiv.uni-greifswald.de\/de\/wp-json\/wp\/v2\/users\/6"}],"replies":[{"embeddable":true,"href":"https:\/\/rechtsprechung-im-ostseeraum.archiv.uni-greifswald.de\/de\/wp-json\/wp\/v2\/comments?post=38"}],"version-history":[{"count":17,"href":"https:\/\/rechtsprechung-im-ostseeraum.archiv.uni-greifswald.de\/de\/wp-json\/wp\/v2\/pages\/38\/revisions"}],"predecessor-version":[{"id":1762,"href":"https:\/\/rechtsprechung-im-ostseeraum.archiv.uni-greifswald.de\/de\/wp-json\/wp\/v2\/pages\/38\/revisions\/1762"}],"wp:attachment":[{"href":"https:\/\/rechtsprechung-im-ostseeraum.archiv.uni-greifswald.de\/de\/wp-json\/wp\/v2\/media?parent=38"}],"curies":[{"name":"wp","href":"https:\/\/api.w.org\/{rel}","templated":true}]}}